{"id":5,"date":"2025-01-19T21:16:25","date_gmt":"2025-01-19T20:16:25","guid":{"rendered":"https:\/\/www.tktx-original.de\/?page_id=5"},"modified":"2025-01-19T21:16:54","modified_gmt":"2025-01-19T20:16:54","slug":"vorteile-der-verwendung-von-tktx-creme-fur-schmerzfreies-tatowieren","status":"publish","type":"page","link":"https:\/\/www.tktx-original.de\/?page_id=5","title":{"rendered":"Vorteile der Verwendung von TKTX-Creme f\u00fcr schmerzfreies T\u00e4towieren"},"content":{"rendered":"<p>T\u00e4towierungen m\u00fcssen nicht mehr schmerzhaft sein! Die <strong>TKTX-Bet\u00e4ubungscreme<\/strong> ist die ideale L\u00f6sung f\u00fcr alle, die die Sch\u00f6nheit von T\u00e4towierungen ohne unn\u00f6tiges Leiden erleben m\u00f6chten. Dieses revolution\u00e4re Produkt bietet mehrere entscheidende Vorteile, die Ihre Einstellung zum T\u00e4towieren ver\u00e4ndern werden.<\/p>\n<hr \/>\n<h4><strong>1. Schmerzfreier Prozess<\/strong><\/h4>\n<p>Einer der gr\u00f6\u00dften \u00c4ngste beim T\u00e4towieren ist der Schmerz. Die TKTX-Bet\u00e4ubungscreme eliminiert diese Sorge, indem sie die Haut bet\u00e4ubt und die Schmerzsignale blockiert, die zum Gehirn gesendet werden. Stellen Sie sich vor, dass der gesamte T\u00e4towierungsprozess reibungslos und ohne Schmerzen abl\u00e4uft \u2013 genau das erm\u00f6glicht Ihnen TKTX. Keine zusammengebissenen Z\u00e4hne und kein Stress mehr bei jedem Nadelstich!<\/p>\n<hr \/>\n<h4><strong>2. Einfache Anwendung<\/strong><\/h4>\n<p>Die TKTX-Creme ist so konzipiert, dass ihre Anwendung einfach und effektiv ist. Tragen Sie einfach eine dicke Schicht der Creme auf die Stelle auf, die t\u00e4towiert werden soll, decken Sie sie mit Folie ab und warten Sie 30\u201340 Minuten. In dieser Zeit beginnt die Creme zu wirken und bereitet Ihre Haut auf ein schmerzfreies T\u00e4towiererlebnis vor. Sie m\u00fcssen kein Experte sein \u2013 der Vorgang ist f\u00fcr jeden leicht durchf\u00fchrbar.<\/p>\n<hr \/>\n<h4><strong>3. Lang anhaltende Wirkung<\/strong><\/h4>\n<p>Die Schmerzlinderung, die TKTX bietet, h\u00e4lt bis zu <strong>2\u20133 Stunden<\/strong> an, was f\u00fcr die meisten T\u00e4towierungen ausreicht. Wenn Sie jedoch eine l\u00e4ngere T\u00e4towierungssitzung planen, k\u00f6nnen Sie den Prozess in Abschnitte unterteilen \u2013 tragen Sie die Creme zun\u00e4chst auf eine H\u00e4lfte der Haut auf und anschlie\u00dfend auf die andere. Mit diesem einfachen Trick bleiben Sie w\u00e4hrend des gesamten T\u00e4towierungsprozesses komfortabel.<\/p>\n<hr \/>\n<h4><strong>4. Geeignet f\u00fcr empfindliche Bereiche<\/strong><\/h4>\n<p>Einige K\u00f6rperstellen wie Rippen, Handgelenke, Kn\u00f6chel oder der Nacken sind besonders empfindlich, und das T\u00e4towieren dort kann schmerzhaft sein. Die TKTX-Creme wurde speziell entwickelt, um das Unbehagen auch an diesen schwierigen Stellen zu reduzieren. So k\u00f6nnen Sie Ihr perfektes Design ohne Leiden erhalten.<\/p>\n<hr \/>\n<h4><strong>5. Verbesserte T\u00e4towierungsergebnisse<\/strong><\/h4>\n<p>Wenn Sie sich nicht auf Schmerzen konzentrieren m\u00fcssen, k\u00f6nnen Sie den T\u00e4towiervorgang in vollen Z\u00fcgen genie\u00dfen. Au\u00dferdem erm\u00f6glicht ein entspannter Kunde dem T\u00e4towierer, pr\u00e4ziser zu arbeiten, was zu besseren Ergebnissen f\u00fchrt. Die TKTX-Creme sorgt also nicht nur f\u00fcr Komfort, sondern auch f\u00fcr die Qualit\u00e4t Ihres neuen Kunstwerks.<\/p>\n<hr \/>\n<h4><strong>6. Vielseitige Anwendung<\/strong><\/h4>\n<p>TKTX ist nicht nur f\u00fcr T\u00e4towierungen geeignet. Sie eignet sich auch hervorragend f\u00fcr andere Behandlungen wie <strong>Permanent-Make-up (PMU)<\/strong>, <strong>Laserentfernung von T\u00e4towierungen<\/strong> oder andere schmerzhafte kosmetische Eingriffe. Es ist ein vielseitiges Produkt, das jeder sch\u00e4tzen wird, der Schmerzen bei verschiedenen Behandlungen minimieren m\u00f6chte.<\/p>\n<hr \/>\n<h4><strong>Warum TKTX w\u00e4hlen?<\/strong><\/h4>\n<p>TKTX ist nicht nur ein Produkt \u2013 es ist eine Investition in Ihren Komfort. Es ist ideal f\u00fcr Anf\u00e4nger, die sich vor ihrer ersten T\u00e4towierung f\u00fcrchten, aber auch f\u00fcr erfahrene T\u00e4towierungsfans, die ihr Erlebnis verbessern m\u00f6chten. Mit der TKTX-Creme wird das T\u00e4towieren zu einem angenehmen und freudigen Prozess, auf den Sie sich freuen k\u00f6nnen.<\/p>\n<hr \/>\n<h3><strong>T\u00e4towieren ohne Schmerzen ist m\u00f6glich!<\/strong><\/h3>\n<p>Wenn Sie sich bisher vor T\u00e4towierungen wegen Schmerzen gef\u00fcrchtet haben, ist das jetzt vorbei. <strong>Die TKTX-Bet\u00e4ubungscreme<\/strong> ver\u00e4ndert die Spielregeln und setzt neue Standards f\u00fcr Komfort und Bequemlichkeit. Befreien Sie sich von der Angst, konzentrieren Sie sich auf die Wahl des perfekten Designs und genie\u00dfen Sie den T\u00e4towiervorgang von Anfang bis Ende.<\/p>\n<p>T\u00e4towieren muss nicht mehr schmerzen \u2013 entdecken Sie die Vorteile der TKTX-Creme und machen Sie Ihr Tattoo zu einem unvergesslichen Erlebnis!<\/p>\n<p><a href=\"https:\/\/www.dermacain.de\/?product=tktx-anasthesiesalbe-75-kopia\"><img loading=\"lazy\" decoding=\"async\" class=\"aligncenter wp-image-7 size-large\" src=\"https:\/\/www.tktx-original.de\/wp-content\/uploads\/2025\/01\/TKTX-creme-75-1024x434.png\" alt=\"Vorteile TKTX\" width=\"640\" height=\"271\" srcset=\"https:\/\/www.tktx-original.de\/wp-content\/uploads\/2025\/01\/TKTX-creme-75-1024x434.png 1024w, https:\/\/www.tktx-original.de\/wp-content\/uploads\/2025\/01\/TKTX-creme-75-300x127.png 300w, https:\/\/www.tktx-original.de\/wp-content\/uploads\/2025\/01\/TKTX-creme-75-768x326.png 768w, https:\/\/www.tktx-original.de\/wp-content\/uploads\/2025\/01\/TKTX-creme-75.png 1080w\" sizes=\"auto, (max-width: 640px) 100vw, 640px\" \/><\/a> <a href=\"https:\/\/www.dermacain.de\/?product=tktx-tattoo-creme-40-kopia\"><img loading=\"lazy\" decoding=\"async\" class=\"aligncenter wp-image-8 size-large\" src=\"https:\/\/www.tktx-original.de\/wp-content\/uploads\/2025\/01\/TKTX-krem-40-1024x377.png\" alt=\"Vorteile TKTX\" width=\"640\" height=\"236\" srcset=\"https:\/\/www.tktx-original.de\/wp-content\/uploads\/2025\/01\/TKTX-krem-40-1024x377.png 1024w, https:\/\/www.tktx-original.de\/wp-content\/uploads\/2025\/01\/TKTX-krem-40-300x110.png 300w, https:\/\/www.tktx-original.de\/wp-content\/uploads\/2025\/01\/TKTX-krem-40-768x283.png 768w, https:\/\/www.tktx-original.de\/wp-content\/uploads\/2025\/01\/TKTX-krem-40.png 1071w\" sizes=\"auto, (max-width: 640px) 100vw, 640px\" \/><\/a> <a href=\"https:\/\/www.dermacain.de\/?product=anasthesiecreme-tktx-55-gold\"><img loading=\"lazy\" decoding=\"async\" class=\"aligncenter wp-image-9 size-large\" src=\"https:\/\/www.tktx-original.de\/wp-content\/uploads\/2025\/01\/TKTX-krem-55-1024x372.png\" alt=\"Vorteile TKTX\" width=\"640\" height=\"233\" srcset=\"https:\/\/www.tktx-original.de\/wp-content\/uploads\/2025\/01\/TKTX-krem-55-1024x372.png 1024w, https:\/\/www.tktx-original.de\/wp-content\/uploads\/2025\/01\/TKTX-krem-55-300x109.png 300w, https:\/\/www.tktx-original.de\/wp-content\/uploads\/2025\/01\/TKTX-krem-55-768x279.png 768w, https:\/\/www.tktx-original.de\/wp-content\/uploads\/2025\/01\/TKTX-krem-55.png 1069w\" sizes=\"auto, (max-width: 640px) 100vw, 640px\" \/><\/a><a href=\"https:\/\/www.dermacain.de\/?product=3-stuck-x-tktx-anasthesiesalbe-75-kostenloser-versand\"><img loading=\"lazy\" decoding=\"async\" class=\"aligncenter wp-image-6 size-full\" src=\"https:\/\/www.tktx-original.de\/wp-content\/uploads\/2025\/01\/TKTX-3x-75-portofrei.png\" alt=\"Vorteile TKTX\" width=\"1024\" height=\"991\" srcset=\"https:\/\/www.tktx-original.de\/wp-content\/uploads\/2025\/01\/TKTX-3x-75-portofrei.png 1024w, https:\/\/www.tktx-original.de\/wp-content\/uploads\/2025\/01\/TKTX-3x-75-portofrei-300x290.png 300w, https:\/\/www.tktx-original.de\/wp-content\/uploads\/2025\/01\/TKTX-3x-75-portofrei-768x743.png 768w\" sizes=\"auto, (max-width: 1024px) 100vw, 1024px\" \/><\/a><\/p>\n","protected":false},"excerpt":{"rendered":"<p>T\u00e4towierungen m\u00fcssen nicht mehr schmerzhaft sein! Die TKTX-Bet\u00e4ubungscreme ist die ideale L\u00f6sung f\u00fcr alle, die die Sch\u00f6nheit von T\u00e4towierungen ohne unn\u00f6tiges Leiden erleben m\u00f6chten. Dieses revolution\u00e4re Produkt bietet mehrere entscheidende Vorteile, die Ihre Einstellung zum T\u00e4towieren ver\u00e4ndern werden. 1. Schmerzfreier Prozess Einer der gr\u00f6\u00dften \u00c4ngste beim T\u00e4towieren ist der Schmerz. Die TKTX-Bet\u00e4ubungscreme eliminiert diese Sorge, [&hellip;]<\/p>\n","protected":false},"author":1,"featured_media":0,"parent":0,"menu_order":0,"comment_status":"closed","ping_status":"closed","template":"","meta":{"_monsterinsights_skip_tracking":false,"_monsterinsights_sitenote_active":false,"_monsterinsights_sitenote_note":"","_monsterinsights_sitenote_category":0,"footnotes":""},"class_list":["post-5","page","type-page","status-publish","hentry"],"yoast_head":"<!-- This site is optimized with the Yoast SEO plugin v27.0 - https:\/\/yoast.com\/product\/yoast-seo-wordpress\/ -->\n<title>Vorteile der Verwendung von TKTX-Creme f\u00fcr schmerzfreies T\u00e4towieren - TKTX Original<\/title>\n<meta name=\"description\" content=\"Entdecken Sie alle Vorteile der TKTX-Bet\u00e4ubungscreme f\u00fcr schmerzfreies T\u00e4towieren. Erfahren Sie, wie dieses Produkt das T\u00e4towiererlebnis ver\u00e4ndert.\" \/>\n<meta name=\"robots\" content=\"index, follow, max-snippet:-1, max-image-preview:large, max-video-preview:-1\" \/>\n<link rel=\"canonical\" href=\"https:\/\/www.tktx-original.de\/?page_id=5\" \/>\n<meta property=\"og:locale\" content=\"sk_SK\" \/>\n<meta property=\"og:type\" content=\"article\" \/>\n<meta property=\"og:title\" content=\"Vorteile der Verwendung von TKTX-Creme f\u00fcr schmerzfreies T\u00e4towieren - TKTX Original\" \/>\n<meta property=\"og:description\" content=\"Entdecken Sie alle Vorteile der TKTX-Bet\u00e4ubungscreme f\u00fcr schmerzfreies T\u00e4towieren. Erfahren Sie, wie dieses Produkt das T\u00e4towiererlebnis ver\u00e4ndert.\" \/>\n<meta property=\"og:url\" content=\"https:\/\/www.tktx-original.de\/?page_id=5\" \/>\n<meta property=\"og:site_name\" content=\"TKTX Original\" \/>\n<meta property=\"article:modified_time\" content=\"2025-01-19T20:16:54+00:00\" \/>\n<meta property=\"og:image\" content=\"https:\/\/www.tktx-original.de\/wp-content\/uploads\/2025\/01\/TKTX-creme-75.png\" \/>\n\t<meta property=\"og:image:width\" content=\"1080\" \/>\n\t<meta property=\"og:image:height\" content=\"458\" \/>\n\t<meta property=\"og:image:type\" content=\"image\/png\" \/>\n<meta name=\"twitter:card\" content=\"summary_large_image\" \/>\n<meta name=\"twitter:label1\" content=\"Predpokladan\u00fd \u010das \u010d\u00edtania\" \/>\n\t<meta name=\"twitter:data1\" content=\"4 min\u00faty\" \/>\n<script type=\"application\/ld+json\" class=\"yoast-schema-graph\">{\"@context\":\"https:\/\/schema.org\",\"@graph\":[{\"@type\":\"WebPage\",\"@id\":\"https:\/\/www.tktx-original.de\/?page_id=5\",\"url\":\"https:\/\/www.tktx-original.de\/?page_id=5\",\"name\":\"Vorteile der Verwendung von TKTX-Creme f\u00fcr schmerzfreies T\u00e4towieren - TKTX Original\",\"isPartOf\":{\"@id\":\"https:\/\/www.tktx-original.de\/#website\"},\"primaryImageOfPage\":{\"@id\":\"https:\/\/www.tktx-original.de\/?page_id=5#primaryimage\"},\"image\":{\"@id\":\"https:\/\/www.tktx-original.de\/?page_id=5#primaryimage\"},\"thumbnailUrl\":\"https:\/\/www.tktx-original.de\/wp-content\/uploads\/2025\/01\/TKTX-creme-75-1024x434.png\",\"datePublished\":\"2025-01-19T20:16:25+00:00\",\"dateModified\":\"2025-01-19T20:16:54+00:00\",\"description\":\"Entdecken Sie alle Vorteile der TKTX-Bet\u00e4ubungscreme f\u00fcr schmerzfreies T\u00e4towieren. Erfahren Sie, wie dieses Produkt das T\u00e4towiererlebnis ver\u00e4ndert.\",\"breadcrumb\":{\"@id\":\"https:\/\/www.tktx-original.de\/?page_id=5#breadcrumb\"},\"inLanguage\":\"sk-SK\",\"potentialAction\":[{\"@type\":\"ReadAction\",\"target\":[\"https:\/\/www.tktx-original.de\/?page_id=5\"]}]},{\"@type\":\"ImageObject\",\"inLanguage\":\"sk-SK\",\"@id\":\"https:\/\/www.tktx-original.de\/?page_id=5#primaryimage\",\"url\":\"https:\/\/www.tktx-original.de\/wp-content\/uploads\/2025\/01\/TKTX-creme-75.png\",\"contentUrl\":\"https:\/\/www.tktx-original.de\/wp-content\/uploads\/2025\/01\/TKTX-creme-75.png\",\"width\":1080,\"height\":458,\"caption\":\"Vorteile TKTX\"},{\"@type\":\"BreadcrumbList\",\"@id\":\"https:\/\/www.tktx-original.de\/?page_id=5#breadcrumb\",\"itemListElement\":[{\"@type\":\"ListItem\",\"position\":1,\"name\":\"Home\",\"item\":\"https:\/\/www.tktx-original.de\/\"},{\"@type\":\"ListItem\",\"position\":2,\"name\":\"Vorteile der Verwendung von TKTX-Creme f\u00fcr schmerzfreies T\u00e4towieren\"}]},{\"@type\":\"WebSite\",\"@id\":\"https:\/\/www.tktx-original.de\/#website\",\"url\":\"https:\/\/www.tktx-original.de\/\",\"name\":\"TKTX Original\",\"description\":\"\",\"potentialAction\":[{\"@type\":\"SearchAction\",\"target\":{\"@type\":\"EntryPoint\",\"urlTemplate\":\"https:\/\/www.tktx-original.de\/?s={search_term_string}\"},\"query-input\":{\"@type\":\"PropertyValueSpecification\",\"valueRequired\":true,\"valueName\":\"search_term_string\"}}],\"inLanguage\":\"sk-SK\"}]}<\/script>\n<!-- \/ Yoast SEO plugin. -->","yoast_head_json":{"title":"Vorteile der Verwendung von TKTX-Creme f\u00fcr schmerzfreies T\u00e4towieren - TKTX Original","description":"Entdecken Sie alle Vorteile der TKTX-Bet\u00e4ubungscreme f\u00fcr schmerzfreies T\u00e4towieren. Erfahren Sie, wie dieses Produkt das T\u00e4towiererlebnis ver\u00e4ndert.","robots":{"index":"index","follow":"follow","max-snippet":"max-snippet:-1","max-image-preview":"max-image-preview:large","max-video-preview":"max-video-preview:-1"},"canonical":"https:\/\/www.tktx-original.de\/?page_id=5","og_locale":"sk_SK","og_type":"article","og_title":"Vorteile der Verwendung von TKTX-Creme f\u00fcr schmerzfreies T\u00e4towieren - TKTX Original","og_description":"Entdecken Sie alle Vorteile der TKTX-Bet\u00e4ubungscreme f\u00fcr schmerzfreies T\u00e4towieren. Erfahren Sie, wie dieses Produkt das T\u00e4towiererlebnis ver\u00e4ndert.","og_url":"https:\/\/www.tktx-original.de\/?page_id=5","og_site_name":"TKTX Original","article_modified_time":"2025-01-19T20:16:54+00:00","og_image":[{"width":1080,"height":458,"url":"https:\/\/www.tktx-original.de\/wp-content\/uploads\/2025\/01\/TKTX-creme-75.png","type":"image\/png"}],"twitter_card":"summary_large_image","twitter_misc":{"Predpokladan\u00fd \u010das \u010d\u00edtania":"4 min\u00faty"},"schema":{"@context":"https:\/\/schema.org","@graph":[{"@type":"WebPage","@id":"https:\/\/www.tktx-original.de\/?page_id=5","url":"https:\/\/www.tktx-original.de\/?page_id=5","name":"Vorteile der Verwendung von TKTX-Creme f\u00fcr schmerzfreies T\u00e4towieren - TKTX Original","isPartOf":{"@id":"https:\/\/www.tktx-original.de\/#website"},"primaryImageOfPage":{"@id":"https:\/\/www.tktx-original.de\/?page_id=5#primaryimage"},"image":{"@id":"https:\/\/www.tktx-original.de\/?page_id=5#primaryimage"},"thumbnailUrl":"https:\/\/www.tktx-original.de\/wp-content\/uploads\/2025\/01\/TKTX-creme-75-1024x434.png","datePublished":"2025-01-19T20:16:25+00:00","dateModified":"2025-01-19T20:16:54+00:00","description":"Entdecken Sie alle Vorteile der TKTX-Bet\u00e4ubungscreme f\u00fcr schmerzfreies T\u00e4towieren. Erfahren Sie, wie dieses Produkt das T\u00e4towiererlebnis ver\u00e4ndert.","breadcrumb":{"@id":"https:\/\/www.tktx-original.de\/?page_id=5#breadcrumb"},"inLanguage":"sk-SK","potentialAction":[{"@type":"ReadAction","target":["https:\/\/www.tktx-original.de\/?page_id=5"]}]},{"@type":"ImageObject","inLanguage":"sk-SK","@id":"https:\/\/www.tktx-original.de\/?page_id=5#primaryimage","url":"https:\/\/www.tktx-original.de\/wp-content\/uploads\/2025\/01\/TKTX-creme-75.png","contentUrl":"https:\/\/www.tktx-original.de\/wp-content\/uploads\/2025\/01\/TKTX-creme-75.png","width":1080,"height":458,"caption":"Vorteile TKTX"},{"@type":"BreadcrumbList","@id":"https:\/\/www.tktx-original.de\/?page_id=5#breadcrumb","itemListElement":[{"@type":"ListItem","position":1,"name":"Home","item":"https:\/\/www.tktx-original.de\/"},{"@type":"ListItem","position":2,"name":"Vorteile der Verwendung von TKTX-Creme f\u00fcr schmerzfreies T\u00e4towieren"}]},{"@type":"WebSite","@id":"https:\/\/www.tktx-original.de\/#website","url":"https:\/\/www.tktx-original.de\/","name":"TKTX Original","description":"","potentialAction":[{"@type":"SearchAction","target":{"@type":"EntryPoint","urlTemplate":"https:\/\/www.tktx-original.de\/?s={search_term_string}"},"query-input":{"@type":"PropertyValueSpecification","valueRequired":true,"valueName":"search_term_string"}}],"inLanguage":"sk-SK"}]}},"_links":{"self":[{"href":"https:\/\/www.tktx-original.de\/index.php?rest_route=\/wp\/v2\/pages\/5","targetHints":{"allow":["GET"]}}],"collection":[{"href":"https:\/\/www.tktx-original.de\/index.php?rest_route=\/wp\/v2\/pages"}],"about":[{"href":"https:\/\/www.tktx-original.de\/index.php?rest_route=\/wp\/v2\/types\/page"}],"author":[{"embeddable":true,"href":"https:\/\/www.tktx-original.de\/index.php?rest_route=\/wp\/v2\/users\/1"}],"replies":[{"embeddable":true,"href":"https:\/\/www.tktx-original.de\/index.php?rest_route=%2Fwp%2Fv2%2Fcomments&post=5"}],"version-history":[{"count":2,"href":"https:\/\/www.tktx-original.de\/index.php?rest_route=\/wp\/v2\/pages\/5\/revisions"}],"predecessor-version":[{"id":11,"href":"https:\/\/www.tktx-original.de\/index.php?rest_route=\/wp\/v2\/pages\/5\/revisions\/11"}],"wp:attachment":[{"href":"https:\/\/www.tktx-original.de\/index.php?rest_route=%2Fwp%2Fv2%2Fmedia&parent=5"}],"curies":[{"name":"wp","href":"https:\/\/api.w.org\/{rel}","templated":true}]}}