{"id":101,"date":"2025-05-03T18:38:55","date_gmt":"2025-05-03T16:38:55","guid":{"rendered":"https:\/\/www.tktx-original.de\/?page_id=101"},"modified":"2025-05-03T18:40:56","modified_gmt":"2025-05-03T16:40:56","slug":"kazdy-den-pridaj-jeden-clanok","status":"publish","type":"page","link":"https:\/\/www.tktx-original.de\/?page_id=101","title":{"rendered":"Ka\u017ed\u00fd de\u0148 pridaj jeden \u010dl\u00e1nok"},"content":{"rendered":"<p>Vytvor ka\u017ed\u00fd de\u0148, jednu str\u00e1nku. (Zaka\u017ed\u00fdm jak vytvor\u00ed\u0161 nov\u00fa str\u00e1nku, jeden n\u00e1dpis vyma\u017e) (Pridaj jeden obr\u00e1zok z gal\u00e9rie a jedno video z t\u00fdchto<\/p>\n<p><iframe loading=\"lazy\" title=\"Bezbolesny tatua\u017c - TKTX\" width=\"760\" height=\"428\" src=\"https:\/\/www.youtube.com\/embed\/o71uUYt8s-Q?feature=oembed\" frameborder=\"0\" allow=\"accelerometer; autoplay; clipboard-write; encrypted-media; gyroscope; picture-in-picture; web-share\" referrerpolicy=\"strict-origin-when-cross-origin\" allowfullscreen><\/iframe><\/p>\n<p><iframe loading=\"lazy\" title=\"JAK PRZETRWA\u0106 PIERWSZY TATUA\u017b BEZ B\u00d3LU?\" width=\"760\" height=\"428\" src=\"https:\/\/www.youtube.com\/embed\/uuRPKcnAWmo?feature=oembed\" frameborder=\"0\" allow=\"accelerometer; autoplay; clipboard-write; encrypted-media; gyroscope; picture-in-picture; web-share\" referrerpolicy=\"strict-origin-when-cross-origin\" allowfullscreen><\/iframe><\/p>\n<p><iframe loading=\"lazy\" title=\"U\u017cy\u0142am kremu TKTX i nie poczu\u0142am nic... \ud83d\ude31\" width=\"760\" height=\"570\" src=\"https:\/\/www.youtube.com\/embed\/TSXSXYfBsGM?feature=oembed\" frameborder=\"0\" allow=\"accelerometer; autoplay; clipboard-write; encrypted-media; gyroscope; picture-in-picture; web-share\" referrerpolicy=\"strict-origin-when-cross-origin\" allowfullscreen><\/iframe><\/p>\n<p><iframe loading=\"lazy\" title=\"Zr\u00f3b sobie tatua\u017c bez b\u00f3lu dzi\u0119ki TKTX\" width=\"760\" height=\"428\" src=\"https:\/\/www.youtube.com\/embed\/lsqzDiUf4MU?feature=oembed\" frameborder=\"0\" allow=\"accelerometer; autoplay; clipboard-write; encrypted-media; gyroscope; picture-in-picture; web-share\" referrerpolicy=\"strict-origin-when-cross-origin\" allowfullscreen><\/iframe><\/p>\n<p>Daj pr\u00edkaz do chat gpt:<\/p>\n<p>Nap\u00ed\u0161 mi \u010dl\u00e1nok po po\u013esky, p\u00ed\u0161 p\u00fatavo a tak aby si nakoniec presved\u010dil z\u00e1kazn\u00edka ako Jordan bellfort t\u00fdm \u017ee zvy\u0161uje\u0161 dv\u00f4veru v TKTX, vo m\u0148a (str\u00e1nku, firmu) a zvy\u0161oval my\u015blienku \u017ee si potrebuje TKTX k\u00fapi\u0165. Sna\u017e sa nap\u00edsa\u0165 na t\u00fato t\u00e9mu:<\/p>\n<p>20. Kedy sa TKTX neoplat\u00ed pou\u017ei\u0165 \u2013 \u00faprimn\u00fd poh\u013ead<br \/>\nMeta popis: Existuj\u00fa situ\u00e1cie, kedy by ste TKTX nemali pou\u017ei\u0165? \u00c1no \u2013 a tu je pre\u010do.<br \/>\n\u0160t\u00fdl: Kritick\u00fd \u010dl\u00e1nok s re\u0161pektom k produktu.<br \/>\nSEO: tktx nevhodn\u00e9 pou\u017eitie, tktx v\u00fdnimky, kontraindik\u00e1cie tktx<\/p>\n<p>21. Pre\u010do je TKTX tak popul\u00e1rny medzi tat\u00e9rmi?<br \/>\nMeta popis: Zistite, pre\u010do si tat\u00e9ri po celom svete vyberaj\u00fa pr\u00e1ve TKTX na zmiernenie bolesti pri tetovan\u00ed.<br \/>\n\u0160t\u00fdl: Odborn\u00fd, rozhovorov\u00fd<br \/>\nSEO: tktx odpor\u00fa\u010danie, tktx pre tat\u00e9rov, kr\u00e9m na tetovanie<\/p>\n<p>22. Tetovanie bez bolesti: Realita alebo m\u00fdtus?<br \/>\nMeta popis: Je mo\u017en\u00e9 tetova\u0165 sa \u00faplne bez bolesti? Sk\u00famame fakty aj pocity z\u00e1kazn\u00edkov.<br \/>\n\u0160t\u00fdl: Fakty verzus m\u00fdty<br \/>\nSEO: bezbolestn\u00e9 tetovanie, tktx \u00fa\u010dinok, kr\u00e9m proti bolesti<\/p>\n<p>23. Ako zn\u00ed\u017ei\u0165 stres pred tetovan\u00edm pomocou TKTX<br \/>\nMeta popis: TKTX pom\u00e1ha nielen s boles\u0165ou, ale aj so stresom. Zistite ako.<br \/>\n\u0160t\u00fdl: Psychologick\u00fd poh\u013ead, lifestyle<br \/>\nSEO: tktx stres, pr\u00edprava na tetovanie, zn\u00ed\u017eenie bolesti<\/p>\n<p>24. Tvoj prv\u00fd tattoo? Pre\u010do potrebuje\u0161 TKTX!<br \/>\nMeta popis: Prv\u00e9 tetovanie je v\u00fdnimo\u010dn\u00e9 \u2013 a s TKTX aj pohodln\u00e9.<br \/>\n\u0160t\u00fdl: Mierne humorn\u00fd, zameran\u00fd na mlad\u00fdch<br \/>\nSEO: prv\u00e9 tetovanie, tktx za\u010diato\u010dn\u00edk, bezbolestn\u00e9 tetovanie<\/p>\n<p>25. Rodi\u010dia a tetovanie: Ako TKTX zmenilo pravidl\u00e1 hry<br \/>\nMeta popis: Tat\u00e9ri hovoria: v\u010faka TKTX prich\u00e1dzaj\u00fa aj rodi\u010dia!<br \/>\n\u0160t\u00fdl: Storytelling, pr\u00edpady zo \u017eivota<br \/>\nSEO: tetovanie star\u0161\u00edch, tktx pre dospel\u00fdch, boles\u0165 tetovanie<\/p>\n<p>26. Naj\u010dastej\u0161ie m\u00fdty o kr\u00e9moch na tetovanie<br \/>\nMeta popis: TKTX verzus f\u00e1my: pre\u010do niektor\u00e9 veci nie s\u00fa pravda.<br \/>\n\u0160t\u00fdl: Debunking, eduk\u00e1cia<br \/>\nSEO: m\u00fdty o tktx, kr\u00e9my na tetovanie, fakty o anestetik\u00e1ch<\/p>\n<p>27. Ako si poradi\u0165 s boles\u0165ou po tetovan\u00ed \u2013 tipy a produkty<br \/>\nMeta popis: Boles\u0165 po tetovan\u00ed? TKTX a in\u00e9 sp\u00f4soby ti pom\u00f4\u017eu zvl\u00e1dnu\u0165 prv\u00e9 dni.<br \/>\n\u0160t\u00fdl: Praktick\u00fd, odpor\u00fa\u010dac\u00ed<br \/>\nSEO: boles\u0165 po tetovan\u00ed, tktx po aplik\u00e1cii, starostlivos\u0165 o tetovanie<\/p>\n<p>28. Ko\u013eko kr\u00e9mu potrebuje\u0161 na ve\u013ek\u00e9 tetovanie?<br \/>\nMeta popis: Spr\u00e1vne d\u00e1vkovanie TKTX m\u00f4\u017ee ovplyvni\u0165 \u00fa\u010dinok \u2013 porad\u00edme ti ako na to.<br \/>\n\u0160t\u00fdl: Praktick\u00fd, kalkula\u010dn\u00fd<br \/>\nSEO: d\u00e1vkovanie tktx, ve\u013ek\u00e9 tetovanie, spotreba kr\u00e9mu<\/p>\n<p>29. Tetovanie po\u010das men\u0161tru\u00e1cie \u2013 oplat\u00ed sa pou\u017ei\u0165 TKTX?<br \/>\nMeta popis: Citlivej\u0161ie obdobie? TKTX pom\u00f4\u017ee pre\u017ei\u0165 aj tetovanie v n\u00e1ro\u010dn\u00fdch d\u0148och.<br \/>\n\u0160t\u00fdl: \u017densk\u00fd poh\u013ead, empatick\u00fd<br \/>\nSEO: tktx a men\u0161tru\u00e1cia, citlivos\u0165 tetovanie, \u017eeny a tktx<\/p>\n<p>30. Doru\u010denie do 48 hod\u00edn: Kedy vie\u0161 ma\u0165 TKTX u\u017e pozajtra?<br \/>\nMeta popis: Chce\u0161 tetovanie bez bolesti \u010do najsk\u00f4r? Zisti, ako z\u00edska\u0165 TKTX expresne.<br \/>\n\u0160t\u00fdl: Kr\u00e1tky info \u010dl\u00e1nok, ak\u010dn\u00fd<br \/>\nSEO: expresn\u00e9 doru\u010denie tktx, k\u00fapi\u0165 tktx, tktx skladom<\/p>\n<p>&nbsp;<\/p>\n<h4 style=\"text-align: center;\">Wybierz kremy znieczulaj\u0105ce TKTX<\/h4>\n<p><a href=\"https:\/\/www.tktx-shop.pl\/?product=erzestelenito-krem-tktx-75\"><img loading=\"lazy\" decoding=\"async\" class=\"aligncenter wp-image-7 size-large\" src=\"https:\/\/www.tktx-do-tatuazu.pl\/wp-content\/uploads\/2025\/01\/TKTX-creme-75-1024x434.png\" alt=\" krem TKTX na tatua\u017ce\" width=\"640\" height=\"271\" srcset=\"https:\/\/www.tktx-original.de\/wp-content\/uploads\/2025\/01\/TKTX-creme-75-1024x434.png 1024w, https:\/\/www.tktx-original.de\/wp-content\/uploads\/2025\/01\/TKTX-creme-75-300x127.png 300w, https:\/\/www.tktx-original.de\/wp-content\/uploads\/2025\/01\/TKTX-creme-75-768x326.png 768w, https:\/\/www.tktx-original.de\/wp-content\/uploads\/2025\/01\/TKTX-creme-75.png 1080w\" sizes=\"auto, (max-width: 640px) 100vw, 640px\" \/><\/a> <a href=\"https:\/\/www.tktx-shop.pl\/?product=tetovalo-krem-tktx-40\"><img loading=\"lazy\" decoding=\"async\" class=\"aligncenter wp-image-8 size-large\" src=\"https:\/\/www.tktx-do-tatuazu.pl\/wp-content\/uploads\/2025\/01\/TKTX-krem-40-1024x377.png\" alt=\" krem TKTX na tatua\u017ce\" width=\"640\" height=\"236\" srcset=\"https:\/\/www.tktx-original.de\/wp-content\/uploads\/2025\/01\/TKTX-krem-40-1024x377.png 1024w, https:\/\/www.tktx-original.de\/wp-content\/uploads\/2025\/01\/TKTX-krem-40-300x110.png 300w, https:\/\/www.tktx-original.de\/wp-content\/uploads\/2025\/01\/TKTX-krem-40-768x283.png 768w, https:\/\/www.tktx-original.de\/wp-content\/uploads\/2025\/01\/TKTX-krem-40.png 1071w\" sizes=\"auto, (max-width: 640px) 100vw, 640px\" \/><\/a> <a href=\"https:\/\/www.tktx-shop.pl\/?product=erzestelenito-krem-tktx-55-gold\"><img loading=\"lazy\" decoding=\"async\" class=\"aligncenter wp-image-9 size-large\" src=\"https:\/\/www.tktx-do-tatuazu.pl\/wp-content\/uploads\/2025\/01\/TKTX-krem-55-1024x372.png\" alt=\" krem TKTX na tatua\u017ce\" width=\"640\" height=\"233\" srcset=\"https:\/\/www.tktx-original.de\/wp-content\/uploads\/2025\/01\/TKTX-krem-55-1024x372.png 1024w, https:\/\/www.tktx-original.de\/wp-content\/uploads\/2025\/01\/TKTX-krem-55-300x109.png 300w, https:\/\/www.tktx-original.de\/wp-content\/uploads\/2025\/01\/TKTX-krem-55-768x279.png 768w, https:\/\/www.tktx-original.de\/wp-content\/uploads\/2025\/01\/TKTX-krem-55.png 1069w\" sizes=\"auto, (max-width: 640px) 100vw, 640px\" \/><\/a><a href=\"https:\/\/www.tktx-shop.pl\/?product=3-darab-x-erzestelenito-krem-tktx-75-ingyenes-szallitas\"><img loading=\"lazy\" decoding=\"async\" class=\"aligncenter wp-image-6 size-large\" src=\"https:\/\/www.tktx-do-tatuazu.pl\/wp-content\/uploads\/2025\/01\/3x-PL-TKTX75-912x1024.png\" alt=\" krem TKTX na tatua\u017ce\" width=\"640\" height=\"719\" \/><\/a><\/p>\n<h4 style=\"text-align: center;\">Gwarancja satysfakcji<\/h4>\n<h4 style=\"text-align: center;\">Je\u015bli nie jeste\u015b zadowolony, ode\u015blij krem, a my zwr\u00f3cimy Ci pieni\u0105dze<\/h4>\n","protected":false},"excerpt":{"rendered":"<p>Vytvor ka\u017ed\u00fd de\u0148, jednu str\u00e1nku. (Zaka\u017ed\u00fdm jak vytvor\u00ed\u0161 nov\u00fa str\u00e1nku, jeden n\u00e1dpis vyma\u017e) (Pridaj jeden obr\u00e1zok z gal\u00e9rie a jedno video z t\u00fdchto Daj pr\u00edkaz do chat gpt: Nap\u00ed\u0161 mi \u010dl\u00e1nok po po\u013esky, p\u00ed\u0161 p\u00fatavo a tak aby si nakoniec presved\u010dil z\u00e1kazn\u00edka ako Jordan bellfort t\u00fdm \u017ee zvy\u0161uje\u0161 dv\u00f4veru v TKTX, vo m\u0148a (str\u00e1nku, firmu) [&hellip;]<\/p>\n","protected":false},"author":1,"featured_media":0,"parent":0,"menu_order":0,"comment_status":"closed","ping_status":"closed","template":"","meta":{"_monsterinsights_skip_tracking":false,"_monsterinsights_sitenote_active":false,"_monsterinsights_sitenote_note":"","_monsterinsights_sitenote_category":0,"footnotes":""},"class_list":["post-101","page","type-page","status-publish","hentry"],"yoast_head":"<!-- This site is optimized with the Yoast SEO plugin v27.0 - https:\/\/yoast.com\/product\/yoast-seo-wordpress\/ -->\n<title>Ka\u017ed\u00fd de\u0148 pridaj jeden \u010dl\u00e1nok - TKTX Original<\/title>\n<meta name=\"robots\" content=\"index, follow, max-snippet:-1, max-image-preview:large, max-video-preview:-1\" \/>\n<link rel=\"canonical\" href=\"https:\/\/www.tktx-original.de\/?page_id=101\" \/>\n<meta property=\"og:locale\" content=\"sk_SK\" \/>\n<meta property=\"og:type\" content=\"article\" \/>\n<meta property=\"og:title\" content=\"Ka\u017ed\u00fd de\u0148 pridaj jeden \u010dl\u00e1nok - TKTX Original\" \/>\n<meta property=\"og:description\" content=\"Vytvor ka\u017ed\u00fd de\u0148, jednu str\u00e1nku. (Zaka\u017ed\u00fdm jak vytvor\u00ed\u0161 nov\u00fa str\u00e1nku, jeden n\u00e1dpis vyma\u017e) (Pridaj jeden obr\u00e1zok z gal\u00e9rie a jedno video z t\u00fdchto Daj pr\u00edkaz do chat gpt: Nap\u00ed\u0161 mi \u010dl\u00e1nok po po\u013esky, p\u00ed\u0161 p\u00fatavo a tak aby si nakoniec presved\u010dil z\u00e1kazn\u00edka ako Jordan bellfort t\u00fdm \u017ee zvy\u0161uje\u0161 dv\u00f4veru v TKTX, vo m\u0148a (str\u00e1nku, firmu) [&hellip;]\" \/>\n<meta property=\"og:url\" content=\"https:\/\/www.tktx-original.de\/?page_id=101\" \/>\n<meta property=\"og:site_name\" content=\"TKTX Original\" \/>\n<meta property=\"article:modified_time\" content=\"2025-05-03T16:40:56+00:00\" \/>\n<meta property=\"og:image\" content=\"https:\/\/www.tktx-original.de\/wp-content\/uploads\/2025\/01\/TKTX-creme-75.png\" \/>\n\t<meta property=\"og:image:width\" content=\"1080\" \/>\n\t<meta property=\"og:image:height\" content=\"458\" \/>\n\t<meta property=\"og:image:type\" content=\"image\/png\" \/>\n<meta name=\"twitter:card\" content=\"summary_large_image\" \/>\n<meta name=\"twitter:label1\" content=\"Predpokladan\u00fd \u010das \u010d\u00edtania\" \/>\n\t<meta name=\"twitter:data1\" content=\"4 min\u00faty\" \/>\n<script type=\"application\/ld+json\" class=\"yoast-schema-graph\">{\"@context\":\"https:\/\/schema.org\",\"@graph\":[{\"@type\":\"WebPage\",\"@id\":\"https:\/\/www.tktx-original.de\/?page_id=101\",\"url\":\"https:\/\/www.tktx-original.de\/?page_id=101\",\"name\":\"Ka\u017ed\u00fd de\u0148 pridaj jeden \u010dl\u00e1nok - TKTX Original\",\"isPartOf\":{\"@id\":\"https:\/\/www.tktx-original.de\/#website\"},\"primaryImageOfPage\":{\"@id\":\"https:\/\/www.tktx-original.de\/?page_id=101#primaryimage\"},\"image\":{\"@id\":\"https:\/\/www.tktx-original.de\/?page_id=101#primaryimage\"},\"thumbnailUrl\":\"https:\/\/www.tktx-do-tatuazu.pl\/wp-content\/uploads\/2025\/01\/TKTX-creme-75-1024x434.png\",\"datePublished\":\"2025-05-03T16:38:55+00:00\",\"dateModified\":\"2025-05-03T16:40:56+00:00\",\"breadcrumb\":{\"@id\":\"https:\/\/www.tktx-original.de\/?page_id=101#breadcrumb\"},\"inLanguage\":\"sk-SK\",\"potentialAction\":[{\"@type\":\"ReadAction\",\"target\":[\"https:\/\/www.tktx-original.de\/?page_id=101\"]}]},{\"@type\":\"ImageObject\",\"inLanguage\":\"sk-SK\",\"@id\":\"https:\/\/www.tktx-original.de\/?page_id=101#primaryimage\",\"url\":\"https:\/\/www.tktx-do-tatuazu.pl\/wp-content\/uploads\/2025\/01\/TKTX-creme-75-1024x434.png\",\"contentUrl\":\"https:\/\/www.tktx-do-tatuazu.pl\/wp-content\/uploads\/2025\/01\/TKTX-creme-75-1024x434.png\"},{\"@type\":\"BreadcrumbList\",\"@id\":\"https:\/\/www.tktx-original.de\/?page_id=101#breadcrumb\",\"itemListElement\":[{\"@type\":\"ListItem\",\"position\":1,\"name\":\"Home\",\"item\":\"https:\/\/www.tktx-original.de\/\"},{\"@type\":\"ListItem\",\"position\":2,\"name\":\"Ka\u017ed\u00fd de\u0148 pridaj jeden \u010dl\u00e1nok\"}]},{\"@type\":\"WebSite\",\"@id\":\"https:\/\/www.tktx-original.de\/#website\",\"url\":\"https:\/\/www.tktx-original.de\/\",\"name\":\"TKTX Original\",\"description\":\"\",\"potentialAction\":[{\"@type\":\"SearchAction\",\"target\":{\"@type\":\"EntryPoint\",\"urlTemplate\":\"https:\/\/www.tktx-original.de\/?s={search_term_string}\"},\"query-input\":{\"@type\":\"PropertyValueSpecification\",\"valueRequired\":true,\"valueName\":\"search_term_string\"}}],\"inLanguage\":\"sk-SK\"}]}<\/script>\n<!-- \/ Yoast SEO plugin. -->","yoast_head_json":{"title":"Ka\u017ed\u00fd de\u0148 pridaj jeden \u010dl\u00e1nok - TKTX Original","robots":{"index":"index","follow":"follow","max-snippet":"max-snippet:-1","max-image-preview":"max-image-preview:large","max-video-preview":"max-video-preview:-1"},"canonical":"https:\/\/www.tktx-original.de\/?page_id=101","og_locale":"sk_SK","og_type":"article","og_title":"Ka\u017ed\u00fd de\u0148 pridaj jeden \u010dl\u00e1nok - TKTX Original","og_description":"Vytvor ka\u017ed\u00fd de\u0148, jednu str\u00e1nku. (Zaka\u017ed\u00fdm jak vytvor\u00ed\u0161 nov\u00fa str\u00e1nku, jeden n\u00e1dpis vyma\u017e) (Pridaj jeden obr\u00e1zok z gal\u00e9rie a jedno video z t\u00fdchto Daj pr\u00edkaz do chat gpt: Nap\u00ed\u0161 mi \u010dl\u00e1nok po po\u013esky, p\u00ed\u0161 p\u00fatavo a tak aby si nakoniec presved\u010dil z\u00e1kazn\u00edka ako Jordan bellfort t\u00fdm \u017ee zvy\u0161uje\u0161 dv\u00f4veru v TKTX, vo m\u0148a (str\u00e1nku, firmu) [&hellip;]","og_url":"https:\/\/www.tktx-original.de\/?page_id=101","og_site_name":"TKTX Original","article_modified_time":"2025-05-03T16:40:56+00:00","og_image":[{"width":1080,"height":458,"url":"https:\/\/www.tktx-original.de\/wp-content\/uploads\/2025\/01\/TKTX-creme-75.png","type":"image\/png"}],"twitter_card":"summary_large_image","twitter_misc":{"Predpokladan\u00fd \u010das \u010d\u00edtania":"4 min\u00faty"},"schema":{"@context":"https:\/\/schema.org","@graph":[{"@type":"WebPage","@id":"https:\/\/www.tktx-original.de\/?page_id=101","url":"https:\/\/www.tktx-original.de\/?page_id=101","name":"Ka\u017ed\u00fd de\u0148 pridaj jeden \u010dl\u00e1nok - TKTX Original","isPartOf":{"@id":"https:\/\/www.tktx-original.de\/#website"},"primaryImageOfPage":{"@id":"https:\/\/www.tktx-original.de\/?page_id=101#primaryimage"},"image":{"@id":"https:\/\/www.tktx-original.de\/?page_id=101#primaryimage"},"thumbnailUrl":"https:\/\/www.tktx-do-tatuazu.pl\/wp-content\/uploads\/2025\/01\/TKTX-creme-75-1024x434.png","datePublished":"2025-05-03T16:38:55+00:00","dateModified":"2025-05-03T16:40:56+00:00","breadcrumb":{"@id":"https:\/\/www.tktx-original.de\/?page_id=101#breadcrumb"},"inLanguage":"sk-SK","potentialAction":[{"@type":"ReadAction","target":["https:\/\/www.tktx-original.de\/?page_id=101"]}]},{"@type":"ImageObject","inLanguage":"sk-SK","@id":"https:\/\/www.tktx-original.de\/?page_id=101#primaryimage","url":"https:\/\/www.tktx-do-tatuazu.pl\/wp-content\/uploads\/2025\/01\/TKTX-creme-75-1024x434.png","contentUrl":"https:\/\/www.tktx-do-tatuazu.pl\/wp-content\/uploads\/2025\/01\/TKTX-creme-75-1024x434.png"},{"@type":"BreadcrumbList","@id":"https:\/\/www.tktx-original.de\/?page_id=101#breadcrumb","itemListElement":[{"@type":"ListItem","position":1,"name":"Home","item":"https:\/\/www.tktx-original.de\/"},{"@type":"ListItem","position":2,"name":"Ka\u017ed\u00fd de\u0148 pridaj jeden \u010dl\u00e1nok"}]},{"@type":"WebSite","@id":"https:\/\/www.tktx-original.de\/#website","url":"https:\/\/www.tktx-original.de\/","name":"TKTX Original","description":"","potentialAction":[{"@type":"SearchAction","target":{"@type":"EntryPoint","urlTemplate":"https:\/\/www.tktx-original.de\/?s={search_term_string}"},"query-input":{"@type":"PropertyValueSpecification","valueRequired":true,"valueName":"search_term_string"}}],"inLanguage":"sk-SK"}]}},"_links":{"self":[{"href":"https:\/\/www.tktx-original.de\/index.php?rest_route=\/wp\/v2\/pages\/101","targetHints":{"allow":["GET"]}}],"collection":[{"href":"https:\/\/www.tktx-original.de\/index.php?rest_route=\/wp\/v2\/pages"}],"about":[{"href":"https:\/\/www.tktx-original.de\/index.php?rest_route=\/wp\/v2\/types\/page"}],"author":[{"embeddable":true,"href":"https:\/\/www.tktx-original.de\/index.php?rest_route=\/wp\/v2\/users\/1"}],"replies":[{"embeddable":true,"href":"https:\/\/www.tktx-original.de\/index.php?rest_route=%2Fwp%2Fv2%2Fcomments&post=101"}],"version-history":[{"count":2,"href":"https:\/\/www.tktx-original.de\/index.php?rest_route=\/wp\/v2\/pages\/101\/revisions"}],"predecessor-version":[{"id":103,"href":"https:\/\/www.tktx-original.de\/index.php?rest_route=\/wp\/v2\/pages\/101\/revisions\/103"}],"wp:attachment":[{"href":"https:\/\/www.tktx-original.de\/index.php?rest_route=%2Fwp%2Fv2%2Fmedia&parent=101"}],"curies":[{"name":"wp","href":"https:\/\/api.w.org\/{rel}","templated":true}]}}